{"id":167,"date":"2020-10-24T21:23:30","date_gmt":"2020-10-24T21:23:30","guid":{"rendered":"http:\/\/attuaproject.com\/?page_id=167"},"modified":"2020-12-01T20:11:01","modified_gmt":"2020-12-01T20:11:01","slug":"cookie","status":"publish","type":"page","link":"https:\/\/attuaproject.com\/it\/cookie\/","title":{"rendered":"Cookie Policy"},"content":{"rendered":"<p><span style=\"font-weight: 400;\">Un cookie \u00e8 un piccolo file di testo all\u2019interno del quale vengono raccolte brevi informazioni relative all\u2019attivit\u00e0 di un utente su un sito internet e memorizzate sul dispositivo che ha avuto accesso al sito.<\/span><\/p>\n<p><span style=\"font-weight: 400;\">I cookie non danneggiano il dispositivo e ci consentono di garantirti una navigazione migliore e pi\u00f9 veloce sul nostro sito. Eventuali informazioni ulteriori, come quelle che ci consentono di mandarti messaggi pubblicitari, sono memorizzate solo successivamente al tuo consenso, espresso mediante semplice navigazione sul sito o tramite i meccanismi di seguito descritti.<\/span><\/p>\n<p><span style=\"font-weight: 400;\">Ti invitiamo a leggere le informazioni che seguono per capire meglio che cookie utilizziamo e come puoi gestire le tue preferenze in merito al loro utilizzo.<\/span><\/p>\n<p>&nbsp;<\/p>\n<p><b>Tipi di cookies utilizzati dal nostro sito:<\/b><\/p>\n<p>&nbsp;<\/p>\n<p><span style=\"font-weight: 400;\">Il nostro sito utilizza sia cookie che <\/span><b>non<\/b><span style=\"font-weight: 400;\"> necessitano del tuo <\/span><b>consenso<\/b><span style=\"font-weight: 400;\"> per la loro installazione, che cookie che possiamo installare solo <\/span><b>con il tuo preventivo consenso\u00a0<\/b><\/p>\n<p>&nbsp;<\/p>\n<ul>\n<li><b> Cookie tecnici (che NON richiedono il tuo consenso)<\/b><span style=\"font-weight: 400;\">: sono necessari per il funzionamento del sito e ti permettono di accedere alle sue funzioni (c.d. <\/span><i><span style=\"font-weight: 400;\">cookie di navigazione<\/span><\/i><span style=\"font-weight: 400;\">) e sono per lo pi\u00f9 cookie di sessione. Possiamo utilizzare anche <\/span><i><span style=\"font-weight: 400;\">cookie funzionali<\/span><\/i><span style=\"font-weight: 400;\"> che consentono di salvare le tue preferenze e impostazioni, migliorando la tua esperienza di navigazione sl nostro sito (es. ricordarti quale utente registrato del sito quando selezioni la funzione \u201cRicordami\u201d; collegarti alla sezione del sito nella lingua da te eventualmente prescelta o in base al paese dal quale accedi; ricordare le tue preferenze in termini di accettazione o meno di cookie di profilazione). Per garantire la loro funzionalit\u00e0 e poter ricordare le tue preferenze questi cookie non sono cancellati alla chiusura del browser; hanno tuttavia una durata massima predefinita (fino ad un massimo di 2 anni) e trascorso il periodo di tempo predefinito si disattivano automaticamente. Questi cookie e i dati da essi raccolti non sono utilizzati per scopi ulteriori. Per installare i cookie tecnici non occorre il tuo consenso; procediamo alla loro installazione automaticamente a seguito dell\u2019accesso al sito o della tua richiesta di determinate funzionalit\u00e0 (es. selezionando \u201cricordami\u201d). In qualsiasi momento puoi sempre decidere di disabilitarli modificando le impostazioni del tuo browser. Tuttavia, in tal caso, potresti non riuscire a visualizzare correttamente il nostro sito.<\/span><\/li>\n<\/ul>\n<p>&nbsp;<\/p>\n<p><b>Attivazione e disattivazione dei cookie<\/b><\/p>\n<p><b>Per tutti i cookie (tecnici e di profilazione)<\/b><\/p>\n<p>&nbsp;<\/p>\n<p><span style=\"font-weight: 400;\">Puoi decidere se consentire o meno all\u2019installazione dei cookie anche utilizzando le impostazioni del tuo browser. Tuttavia, non tutte le funzionalit\u00e0 di questo sito potrebbero restare operative nel caso uno o pi\u00f9 cookie venissero disabilitati (ricorda infatti che i cookie di navigazione sono indispensabili per le funzionalit\u00e0 di base del sito). Le impostazioni relative a tale scelta possono essere verificate e modificate nella finestra delle preferenze del browser. Seleziona qui sotto il browser da te utilizzato per ricevere informazioni su come modificarne le impostazioni dei cookie.<\/span><\/p>\n<p>&nbsp;<\/p>\n<p><a href=\"https:\/\/support.google.com\/chrome\/answer\/95647?hl=en\"><b>Chrome<\/b><\/a><\/p>\n<p><a href=\"https:\/\/support.mozilla.org\/it\/kb\/Attivare%20e%20disattivare%20i%20cookie\"><b>Firefox<\/b><\/a><\/p>\n<p><a href=\"https:\/\/support.microsoft.com\/en-us\/products\/windows\"><b>IE<\/b><\/a><\/p>\n<p><a href=\"http:\/\/help.opera.com\/Windows\/10.00\/it\/cookies.html\"><b>Opera<\/b><\/a><\/p>\n<p><a href=\"https:\/\/support.apple.com\/it-it\/HT201265\"><b>Safari<\/b><\/a><\/p>\n<p>&nbsp;<\/p>\n<p><b>Per i cookie di terza parte che necessitano del consenso:<\/b><\/p>\n<p>&nbsp;<\/p>\n<p><span style=\"font-weight: 400;\">L\u2019installazione di cookie di profilazione, retargeting, analitici e social di terze parti e ogni altra attivit\u00e0 a essi connessa, ivi inclusi la raccolta e il trattamento delle informazioni, sono gestiti da tali terze parti. Per maggiori informazioni e per attivare o disattivare questi cookie puoi accedere alle informative rese da queste societ\u00e0 tramite i seguenti link:<\/span><\/p>\n<ul>\n<li><span style=\"font-weight: 400;\"> Google Analytics: [http:\/\/www.google.com\/policies\/technologies\/cookies\/]<\/span><\/li>\n<li><span style=\"font-weight: 400;\"> Google Doubleclick: [http:\/\/www.google.com\/policies\/technologies\/cookies\/]<\/span><\/li>\n<li><span style=\"font-weight: 400;\"> Facebook: [https:\/\/www.facebook.com\/help\/cookies\/]<\/span><\/li>\n<\/ul>\n<p><span style=\"font-weight: 400;\">Alcuni network pubblicitari consentono inoltre di rifiutare la ricezione di messaggi personalizzati. Ci\u00f2 non impedisce l\u2019installazione dei cookie, ma interrompe l\u2019utilizzo e la raccolta di alcuni dati da parte dei soggetti che aderiscono a tali network. Ricorda che sebbene tali network riuniscano molte delle pi\u00f9 importanti societ\u00e0 del mondo pubblicitario, alcune terze parti che installano cookie attraverso il sito potrebbero non aver aderito ad essi e, pertanto, potresti continuare a ricevere i loro cookie. Per maggiori informazioni ti invitiamo a visitare l\u2019indirizzo<\/span><a href=\"http:\/\/www.youronlinechoices.com\/it\/\"><b> http:\/\/www.youronlinechoices.com\/it\/<\/b><\/a><span style=\"font-weight: 400;\">.<\/span><\/p>\n","protected":false},"excerpt":{"rendered":"<p>Un cookie \u00e8 un piccolo file di testo all\u2019interno del quale vengono raccolte brevi informazioni relative all\u2019attivit\u00e0 di un utente su un sito internet e memorizzate sul dispositivo che ha avuto accesso al sito. I cookie non danneggiano il dispositivo e ci consentono di garantirti una navigazione migliore e pi\u00f9 veloce sul nostro sito. Eventuali [&hellip;]<\/p>\n","protected":false},"author":1,"featured_media":0,"parent":0,"menu_order":0,"comment_status":"closed","ping_status":"closed","template":"","meta":[],"yoast_head":"<!-- This site is optimized with the Yoast SEO plugin v14.9 - https:\/\/yoast.com\/wordpress\/plugins\/seo\/ -->\n<title>Cookie Policy - ATTUA project<\/title>\n<meta name=\"robots\" content=\"index, follow, max-snippet:-1, max-image-preview:large, max-video-preview:-1\" \/>\n<link rel=\"canonical\" href=\"https:\/\/attuaproject.com\/it\/cookie\/\" \/>\n<meta property=\"og:locale\" content=\"it_IT\" \/>\n<meta property=\"og:type\" content=\"article\" \/>\n<meta property=\"og:title\" content=\"Cookie Policy - ATTUA project\" \/>\n<meta property=\"og:description\" content=\"Un cookie \u00e8 un piccolo file di testo all\u2019interno del quale vengono raccolte brevi informazioni relative all\u2019attivit\u00e0 di un utente su un sito internet e memorizzate sul dispositivo che ha avuto accesso al sito. I cookie non danneggiano il dispositivo e ci consentono di garantirti una navigazione migliore e pi\u00f9 veloce sul nostro sito. Eventuali [&hellip;]\" \/>\n<meta property=\"og:url\" content=\"https:\/\/attuaproject.com\/it\/cookie\/\" \/>\n<meta property=\"og:site_name\" content=\"ATTUA project\" \/>\n<meta property=\"article:modified_time\" content=\"2020-12-01T20:11:01+00:00\" \/>\n<meta name=\"twitter:card\" content=\"summary_large_image\" \/>\n<script type=\"application\/ld+json\" class=\"yoast-schema-graph\">{\"@context\":\"https:\/\/schema.org\",\"@graph\":[{\"@type\":\"WebSite\",\"@id\":\"https:\/\/attuaproject.com\/it\/#website\",\"url\":\"https:\/\/attuaproject.com\/it\/\",\"name\":\"ATTUA project\",\"description\":\"\",\"potentialAction\":[{\"@type\":\"SearchAction\",\"target\":\"https:\/\/attuaproject.com\/it\/?s={search_term_string}\",\"query-input\":\"required name=search_term_string\"}],\"inLanguage\":\"it-IT\"},{\"@type\":\"WebPage\",\"@id\":\"https:\/\/attuaproject.com\/it\/cookie\/#webpage\",\"url\":\"https:\/\/attuaproject.com\/it\/cookie\/\",\"name\":\"Cookie Policy - ATTUA project\",\"isPartOf\":{\"@id\":\"https:\/\/attuaproject.com\/it\/#website\"},\"datePublished\":\"2020-10-24T21:23:30+00:00\",\"dateModified\":\"2020-12-01T20:11:01+00:00\",\"inLanguage\":\"it-IT\",\"potentialAction\":[{\"@type\":\"ReadAction\",\"target\":[\"https:\/\/attuaproject.com\/it\/cookie\/\"]}]}]}<\/script>\n<!-- \/ Yoast SEO plugin. -->","_links":{"self":[{"href":"https:\/\/attuaproject.com\/it\/wp-json\/wp\/v2\/pages\/167\/"}],"collection":[{"href":"https:\/\/attuaproject.com\/it\/wp-json\/wp\/v2\/pages\/"}],"about":[{"href":"https:\/\/attuaproject.com\/it\/wp-json\/wp\/v2\/types\/page\/"}],"author":[{"embeddable":true,"href":"https:\/\/attuaproject.com\/it\/wp-json\/wp\/v2\/users\/1\/"}],"replies":[{"embeddable":true,"href":"https:\/\/attuaproject.com\/it\/wp-json\/wp\/v2\/comments\/?post=167"}],"version-history":[{"count":7,"href":"https:\/\/attuaproject.com\/it\/wp-json\/wp\/v2\/pages\/167\/revisions\/"}],"predecessor-version":[{"id":488,"href":"https:\/\/attuaproject.com\/it\/wp-json\/wp\/v2\/pages\/167\/revisions\/488\/"}],"wp:attachment":[{"href":"https:\/\/attuaproject.com\/it\/wp-json\/wp\/v2\/media\/?parent=167"}],"curies":[{"name":"wp","href":"https:\/\/api.w.org\/{rel}","templated":true}]}}